{"id":20108,"date":"2025-07-08T15:20:00","date_gmt":"2025-07-08T12:20:00","guid":{"rendered":"https:\/\/worldgateegypt.com\/transportation\/"},"modified":"2025-08-12T10:51:56","modified_gmt":"2025-08-12T07:51:56","slug":"transportation","status":"publish","type":"page","link":"https:\/\/worldgateegypt.com\/fr\/transportation\/","title":{"rendered":"Transport"},"content":{"rendered":"\t\t<div data-elementor-type=\"wp-page\" data-elementor-id=\"20108\" class=\"elementor elementor-20108 elementor-15740\">\n\t\t\t\t<div class=\"elementor-element elementor-element-0756a25 e-con-full e-flex e-con e-parent\" data-id=\"0756a25\" data-element_type=\"container\">\n\t\t<div class=\"elementor-element elementor-element-a613fb1 e-con-full e-flex e-con e-child\" data-id=\"a613fb1\" data-element_type=\"container\" data-settings=\"{&quot;background_background&quot;:&quot;classic&quot;}\">\n\t\t\t\t<div class=\"elementor-element elementor-element-6922659 elementor-widget elementor-widget-heading\" data-id=\"6922659\" data-element_type=\"widget\" data-widget_type=\"heading.default\">\n\t\t\t\t<div class=\"elementor-widget-container\">\n\t\t\t\t\t<h2 class=\"elementor-heading-title elementor-size-default\">Transportation<\/h2>\t\t\t\t<\/div>\n\t\t\t\t<\/div>\n\t\t\t\t<\/div>\n\t\t\t\t<\/div>\n\t\t<div class=\"elementor-element elementor-element-ce1a8d2 e-flex e-con-boxed e-con e-parent\" data-id=\"ce1a8d2\" data-element_type=\"container\" data-settings=\"{&quot;background_background&quot;:&quot;classic&quot;}\">\n\t\t\t\t\t<div class=\"e-con-inner\">\n\t\t<div class=\"elementor-element elementor-element-a23a3f8 e-con-full e-flex e-con e-child\" data-id=\"a23a3f8\" data-element_type=\"container\">\n\t\t\t\t<div class=\"elementor-element elementor-element-4ea7604 elementor-widget__width-initial elementor-widget-mobile__width-inherit elementor-invisible elementor-widget elementor-widget-heading\" data-id=\"4ea7604\" data-element_type=\"widget\" data-settings=\"{&quot;_animation&quot;:&quot;fadeInLeft&quot;}\" data-widget_type=\"heading.default\">\n\t\t\t\t<div class=\"elementor-widget-container\">\n\t\t\t\t\t<h2 class=\"elementor-heading-title elementor-size-default\">Services de transport professionnels<\/h2>\t\t\t\t<\/div>\n\t\t\t\t<\/div>\n\t\t\t\t<div class=\"elementor-element elementor-element-2b4d218 elementor-widget__width-initial elementor-invisible elementor-widget elementor-widget-text-editor\" data-id=\"2b4d218\" data-element_type=\"widget\" data-settings=\"{&quot;_animation&quot;:&quot;fadeInLeft&quot;,&quot;_animation_delay&quot;:500}\" data-widget_type=\"text-editor.default\">\n\t\t\t\t<div class=\"elementor-widget-container\">\n\t\t\t\t\t\t\t\t\t<p data-end=\"520\" data-start=\"318\">Chez World Gate Tours, nous proposons des services de transport fiables, confortables et ponctuels pour r\u00e9pondre \u00e0 tous vos besoins en mati\u00e8re de d\u00e9placement, qu&rsquo;il s&rsquo;agisse de transferts a\u00e9roport, de navettes h\u00f4teli\u00e8res, de trajets interurbains ou d&rsquo;excursions d&rsquo;une journ\u00e9e.<\/p>\n<p data-end=\"721\" data-start=\"522\">Gr\u00e2ce \u00e0 notre flotte moderne et \u00e0 nos chauffeurs exp\u00e9riment\u00e9s, nous vous garantissons un voyage agr\u00e9able et s\u00fbr \u00e0 travers l&rsquo;\u00c9gypte et au-del\u00e0. Nos services sont id\u00e9aux pour les particuliers, les familles, les entreprises et les groupes de toutes tailles.<\/p>\t\t\t\t\t\t\t\t<\/div>\n\t\t\t\t<\/div>\n\t\t\t\t<\/div>\n\t\t<div class=\"elementor-element elementor-element-2b24f69 e-con-full e-flex elementor-invisible e-con e-child\" data-id=\"2b24f69\" data-element_type=\"container\" data-settings=\"{&quot;animation&quot;:&quot;fadeInRight&quot;,&quot;background_background&quot;:&quot;classic&quot;}\">\n\t\t\t\t<\/div>\n\t\t\t\t\t<\/div>\n\t\t\t\t<\/div>\n\t\t<div class=\"elementor-element elementor-element-7d2057e e-flex e-con-boxed e-con e-parent\" data-id=\"7d2057e\" data-element_type=\"container\">\n\t\t\t\t\t<div class=\"e-con-inner\">\n\t\t\t\t<div class=\"elementor-element elementor-element-24c3c1f elementor-widget__width-initial elementor-widget-mobile__width-inherit elementor-invisible elementor-widget elementor-widget-heading\" data-id=\"24c3c1f\" data-element_type=\"widget\" data-settings=\"{&quot;_animation&quot;:&quot;fadeInLeft&quot;}\" data-widget_type=\"heading.default\">\n\t\t\t\t<div class=\"elementor-widget-container\">\n\t\t\t\t\t<h2 class=\"elementor-heading-title elementor-size-default\">Soumettez vos informations de transport<\/h2>\t\t\t\t<\/div>\n\t\t\t\t<\/div>\n\t\t\t\t<div class=\"elementor-element elementor-element-f8a3e74 elementor-widget__width-initial elementor-invisible elementor-widget elementor-widget-text-editor\" data-id=\"f8a3e74\" data-element_type=\"widget\" data-settings=\"{&quot;_animation&quot;:&quot;fadeInLeft&quot;,&quot;_animation_delay&quot;:500}\" data-widget_type=\"text-editor.default\">\n\t\t\t\t<div class=\"elementor-widget-container\">\n\t\t\t\t\t\t\t\t\t<p data-start=\"235\" data-end=\"372\">Il vous suffit de remplir le formulaire ci-dessous avec vos coordonn\u00e9es, et nous vous contacterons pour vous proposer les meilleures options de transport disponibles.<\/p>\t\t\t\t\t\t\t\t<\/div>\n\t\t\t\t<\/div>\n\t\t\t\t<div class=\"elementor-element elementor-element-2465b1f elementor-widget elementor-widget-shortcode\" data-id=\"2465b1f\" data-element_type=\"widget\" data-widget_type=\"shortcode.default\">\n\t\t\t\t<div class=\"elementor-widget-container\">\n\t\t\t\t\t\t\t<div class=\"elementor-shortcode\">\n<div class=\"wpcf7 no-js\" id=\"wpcf7-f20114-o1\" lang=\"en-US\" dir=\"ltr\" data-wpcf7-id=\"20114\">\n<div class=\"screen-reader-response\"><p role=\"status\" aria-live=\"polite\" aria-atomic=\"true\"><\/p> <ul><\/ul><\/div>\n<form action=\"\/fr\/wp-json\/wp\/v2\/pages\/20108#wpcf7-f20114-o1\" method=\"post\" class=\"wpcf7-form init\" aria-label=\"Contact form\" novalidate=\"novalidate\" data-status=\"init\">\n<fieldset class=\"hidden-fields-container\"><input type=\"hidden\" name=\"_wpcf7\" value=\"20114\" \/><input type=\"hidden\" name=\"_wpcf7_version\" value=\"6.1.4\" \/><input type=\"hidden\" name=\"_wpcf7_locale\" value=\"en_US\" \/><input type=\"hidden\" name=\"_wpcf7_unit_tag\" value=\"wpcf7-f20114-o1\" \/><input type=\"hidden\" name=\"_wpcf7_container_post\" value=\"0\" \/><input type=\"hidden\" name=\"_wpcf7_posted_data_hash\" value=\"\" \/>\n<\/fieldset>\n<style>\n.short-textarea {\n height: 100px !important;\n resize: vertical;\n}\n<\/style>\n<div class=\"container my-10\" style=\"width: 100%; padding: 30px; border: 1px solid #ddd; border-radius: 5px; box-shadow: 0 4px 12px rgba(0, 0, 0, 0.08); background-color: #fff;\">\n\t<div class=\"mt30\" style=\"width:100%\">\n\t\t<div class=\"row\">\n\t\t\t<div class=\"col-md-6\">\n\t\t\t\t<div class=\"form-group\">\n\t\t\t\t\t<p><label>Nom complet<\/label><br \/>\n<span class=\"wpcf7-form-control-wrap\" data-name=\"full-name\"><input size=\"40\" maxlength=\"400\" class=\"wpcf7-form-control wpcf7-text wpcf7-validates-as-required form-control\" id=\"full-name\" aria-required=\"true\" aria-invalid=\"false\" placeholder=\"Entrez votre nom\" value=\"\" type=\"text\" name=\"full-name\" \/><\/span>\n\t\t\t\t\t<\/p>\n\t\t\t\t<\/div>\n\t\t\t<\/div>\n\t\t\t<div class=\"col-md-6\">\n\t\t\t\t<div class=\"form-group\">\n\t\t\t\t\t<p><label>Num\u00e9ro de t\u00e9l\u00e9phone<\/label><br \/>\n<span class=\"wpcf7-form-control-wrap\" data-name=\"phone\"><input size=\"40\" maxlength=\"400\" class=\"wpcf7-form-control wpcf7-tel wpcf7-validates-as-required wpcf7-text wpcf7-validates-as-tel form-control\" id=\"phone\" aria-required=\"true\" aria-invalid=\"false\" placeholder=\"Entrez votre num\u00e9ro de t\u00e9l\u00e9phone\" value=\"\" type=\"tel\" name=\"phone\" \/><\/span>\n\t\t\t\t\t<\/p>\n\t\t\t\t<\/div>\n\t\t\t<\/div>\n\t\t<\/div>\n\t\t<div class=\"form-group\">\n\t\t\t<p><label>Adresse \u00e9lectronique<\/label><br \/>\n<span class=\"wpcf7-form-control-wrap\" data-name=\"email\"><input size=\"40\" maxlength=\"400\" class=\"wpcf7-form-control wpcf7-email wpcf7-validates-as-required wpcf7-text wpcf7-validates-as-email form-control\" id=\"email\" aria-required=\"true\" aria-invalid=\"false\" placeholder=\"Entrez votre adresse e-mail\" value=\"\" type=\"email\" name=\"email\" \/><\/span>\n\t\t\t<\/p>\n\t\t<\/div>\n\t\t<div class=\"row\">\n\t\t\t<div class=\"col-md-6\">\n\t\t\t\t<div class=\"form-group\">\n\t\t\t\t\t<p><label>Lieu de prise en charge<\/label><br \/>\n<span class=\"wpcf7-form-control-wrap\" data-name=\"pickup-location\"><input size=\"40\" maxlength=\"400\" class=\"wpcf7-form-control wpcf7-text wpcf7-validates-as-required form-control\" id=\"pickup\" aria-required=\"true\" aria-invalid=\"false\" placeholder=\"O\u00f9 devons-nous venir vous chercher ?\" value=\"\" type=\"text\" name=\"pickup-location\" \/><\/span>\n\t\t\t\t\t<\/p>\n\t\t\t\t<\/div>\n\t\t\t<\/div>\n\t\t\t<div class=\"col-md-6\">\n\t\t\t\t<div class=\"form-group\">\n\t\t\t\t\t<p><label>Lieu de d\u00e9p\u00f4t<\/label><br \/>\n<span class=\"wpcf7-form-control-wrap\" data-name=\"dropoff-location\"><input size=\"40\" maxlength=\"400\" class=\"wpcf7-form-control wpcf7-text wpcf7-validates-as-required form-control\" id=\"dropoff\" aria-required=\"true\" aria-invalid=\"false\" placeholder=\"O\u00f9 vas-tu ?\" value=\"\" type=\"text\" name=\"dropoff-location\" \/><\/span>\n\t\t\t\t\t<\/p>\n\t\t\t\t<\/div>\n\t\t\t<\/div>\n\t\t<\/div>\n\t\t<div class=\"row\">\n\t\t\t<div class=\"col-md-6\">\n\t\t\t\t<div class=\"form-group\">\n\t\t\t\t\t<p><label>Date<\/label><br \/>\n<span class=\"wpcf7-form-control-wrap\" data-name=\"travel-date\"><input class=\"wpcf7-form-control wpcf7-date wpcf7-validates-as-required wpcf7-validates-as-date form-control\" id=\"travel-date\" aria-required=\"true\" aria-invalid=\"false\" placeholder=\"S\u00e9lectionnez une date\" value=\"\" type=\"date\" name=\"travel-date\" \/><\/span>\n\t\t\t\t\t<\/p>\n\t\t\t\t<\/div>\n\t\t\t<\/div>\n\t\t\t<div class=\"col-md-6\">\n\t\t\t\t<div class=\"form-group\">\n\t\t\t\t\t<p><label>Temps<\/label><br \/>\n<span class=\"wpcf7-form-control-wrap\" data-name=\"travel-time\"><input size=\"40\" maxlength=\"400\" class=\"wpcf7-form-control wpcf7-text wpcf7-validates-as-required form-control\" id=\"travel-time\" aria-required=\"true\" aria-invalid=\"false\" placeholder=\"Par exemple : 10 h 30\" value=\"\" type=\"text\" name=\"travel-time\" \/><\/span>\n\t\t\t\t\t<\/p>\n\t\t\t\t<\/div>\n\t\t\t<\/div>\n\t\t<\/div>\n\t\t<div class=\"form-group\">\n\t\t\t<p><label>Remarques suppl\u00e9mentaires<\/label><br \/>\n<span class=\"wpcf7-form-control-wrap\" data-name=\"message\"><textarea cols=\"40\" rows=\"10\" maxlength=\"2000\" class=\"wpcf7-form-control wpcf7-textarea form-control short-textarea\" id=\"message\" aria-invalid=\"false\" placeholder=\"Avez-vous des besoins particuliers, des informations concernant vos bagages ou des d\u00e9tails suppl\u00e9mentaires ?\" name=\"message\"><\/textarea><\/span>\n\t\t\t<\/p>\n\t\t<\/div>\n\t\t<p><input class=\"wpcf7-form-control wpcf7-submit has-spinner btn btn-primary\" type=\"submit\" value=\"Envoyer une demande de transport\" \/>\n\t\t<\/p>\n\t<\/div>\n<\/div><div class=\"wpcf7-response-output\" aria-hidden=\"true\"><\/div>\n<\/form>\n<\/div>\n<\/div>\n\t\t\t\t\t\t<\/div>\n\t\t\t\t<\/div>\n\t\t\t\t\t<\/div>\n\t\t\t\t<\/div>\n\t\t\t\t<\/div>\n\t\t","protected":false},"excerpt":{"rendered":"<p>Transportation Services de transport professionnels Chez World Gate Tours, nous proposons des services de transport fiables, confortables et ponctuels pour r\u00e9pondre \u00e0 tous vos besoins en mati\u00e8re de d\u00e9placement, qu&rsquo;il s&rsquo;agisse de transferts a\u00e9roport, de navettes h\u00f4teli\u00e8res, de trajets interurbains ou d&rsquo;excursions d&rsquo;une journ\u00e9e. Gr\u00e2ce \u00e0 notre flotte moderne et \u00e0 nos chauffeurs exp\u00e9riment\u00e9s, nous [&hellip;]<\/p>\n","protected":false},"author":1,"featured_media":0,"parent":0,"menu_order":0,"comment_status":"closed","ping_status":"closed","template":"template-blank.php","meta":{"footnotes":""},"class_list":["post-20108","page","type-page","status-publish","has-post-thumbnail","hentry"],"yoast_head":"<!-- This site is optimized with the Yoast SEO plugin v26.6 - https:\/\/yoast.com\/wordpress\/plugins\/seo\/ -->\n<title>Transport - World Gate Tours<\/title>\n<meta name=\"robots\" content=\"index, follow, max-snippet:-1, max-image-preview:large, max-video-preview:-1\" \/>\n<link rel=\"canonical\" href=\"https:\/\/worldgateegypt.com\/fr\/transportation\/\" \/>\n<meta property=\"og:locale\" content=\"fr_FR\" \/>\n<meta property=\"og:type\" content=\"article\" \/>\n<meta property=\"og:title\" content=\"Transport - World Gate Tours\" \/>\n<meta property=\"og:description\" content=\"Transportation Services de transport professionnels Chez World Gate Tours, nous proposons des services de transport fiables, confortables et ponctuels pour r\u00e9pondre \u00e0 tous vos besoins en mati\u00e8re de d\u00e9placement, qu&rsquo;il s&rsquo;agisse de transferts a\u00e9roport, de navettes h\u00f4teli\u00e8res, de trajets interurbains ou d&rsquo;excursions d&rsquo;une journ\u00e9e. Gr\u00e2ce \u00e0 notre flotte moderne et \u00e0 nos chauffeurs exp\u00e9riment\u00e9s, nous [&hellip;]\" \/>\n<meta property=\"og:url\" content=\"https:\/\/worldgateegypt.com\/fr\/transportation\/\" \/>\n<meta property=\"og:site_name\" content=\"World Gate Tours\" \/>\n<meta property=\"article:modified_time\" content=\"2025-08-12T07:51:56+00:00\" \/>\n<meta name=\"twitter:card\" content=\"summary_large_image\" \/>\n<meta name=\"twitter:label1\" content=\"Dur\u00e9e de lecture estim\u00e9e\" \/>\n\t<meta name=\"twitter:data1\" content=\"1 minute\" \/>\n<script type=\"application\/ld+json\" class=\"yoast-schema-graph\">{\"@context\":\"https:\/\/schema.org\",\"@graph\":[{\"@type\":\"WebPage\",\"@id\":\"https:\/\/worldgateegypt.com\/fr\/transportation\/\",\"url\":\"https:\/\/worldgateegypt.com\/fr\/transportation\/\",\"name\":\"Transport - World Gate Tours\",\"isPartOf\":{\"@id\":\"https:\/\/worldgateegypt.com\/#website\"},\"datePublished\":\"2025-07-08T12:20:00+00:00\",\"dateModified\":\"2025-08-12T07:51:56+00:00\",\"breadcrumb\":{\"@id\":\"https:\/\/worldgateegypt.com\/fr\/transportation\/#breadcrumb\"},\"inLanguage\":\"fr-FR\",\"potentialAction\":[{\"@type\":\"ReadAction\",\"target\":[\"https:\/\/worldgateegypt.com\/fr\/transportation\/\"]}]},{\"@type\":\"BreadcrumbList\",\"@id\":\"https:\/\/worldgateegypt.com\/fr\/transportation\/#breadcrumb\",\"itemListElement\":[{\"@type\":\"ListItem\",\"position\":1,\"name\":\"Home\",\"item\":\"https:\/\/worldgateegypt.com\/fr\/\"},{\"@type\":\"ListItem\",\"position\":2,\"name\":\"Transport\"}]},{\"@type\":\"WebSite\",\"@id\":\"https:\/\/worldgateegypt.com\/#website\",\"url\":\"https:\/\/worldgateegypt.com\/\",\"name\":\"World Gate Tours\",\"description\":\"\",\"publisher\":{\"@id\":\"https:\/\/worldgateegypt.com\/#organization\"},\"potentialAction\":[{\"@type\":\"SearchAction\",\"target\":{\"@type\":\"EntryPoint\",\"urlTemplate\":\"https:\/\/worldgateegypt.com\/?s={search_term_string}\"},\"query-input\":{\"@type\":\"PropertyValueSpecification\",\"valueRequired\":true,\"valueName\":\"search_term_string\"}}],\"inLanguage\":\"fr-FR\"},{\"@type\":\"Organization\",\"@id\":\"https:\/\/worldgateegypt.com\/#organization\",\"name\":\"World Gate Tours\",\"url\":\"https:\/\/worldgateegypt.com\/\",\"logo\":{\"@type\":\"ImageObject\",\"inLanguage\":\"fr-FR\",\"@id\":\"https:\/\/worldgateegypt.com\/#\/schema\/logo\/image\/\",\"url\":\"https:\/\/worldgateegypt.com\/wp-content\/uploads\/2022\/04\/world-gate-logo-01-scaled.jpg\",\"contentUrl\":\"https:\/\/worldgateegypt.com\/wp-content\/uploads\/2022\/04\/world-gate-logo-01-scaled.jpg\",\"width\":2560,\"height\":2560,\"caption\":\"World Gate Tours\"},\"image\":{\"@id\":\"https:\/\/worldgateegypt.com\/#\/schema\/logo\/image\/\"}}]}<\/script>\n<!-- \/ Yoast SEO plugin. -->","yoast_head_json":{"title":"Transport - World Gate Tours","robots":{"index":"index","follow":"follow","max-snippet":"max-snippet:-1","max-image-preview":"max-image-preview:large","max-video-preview":"max-video-preview:-1"},"canonical":"https:\/\/worldgateegypt.com\/fr\/transportation\/","og_locale":"fr_FR","og_type":"article","og_title":"Transport - World Gate Tours","og_description":"Transportation Services de transport professionnels Chez World Gate Tours, nous proposons des services de transport fiables, confortables et ponctuels pour r\u00e9pondre \u00e0 tous vos besoins en mati\u00e8re de d\u00e9placement, qu&rsquo;il s&rsquo;agisse de transferts a\u00e9roport, de navettes h\u00f4teli\u00e8res, de trajets interurbains ou d&rsquo;excursions d&rsquo;une journ\u00e9e. Gr\u00e2ce \u00e0 notre flotte moderne et \u00e0 nos chauffeurs exp\u00e9riment\u00e9s, nous [&hellip;]","og_url":"https:\/\/worldgateegypt.com\/fr\/transportation\/","og_site_name":"World Gate Tours","article_modified_time":"2025-08-12T07:51:56+00:00","twitter_card":"summary_large_image","twitter_misc":{"Dur\u00e9e de lecture estim\u00e9e":"1 minute"},"schema":{"@context":"https:\/\/schema.org","@graph":[{"@type":"WebPage","@id":"https:\/\/worldgateegypt.com\/fr\/transportation\/","url":"https:\/\/worldgateegypt.com\/fr\/transportation\/","name":"Transport - World Gate Tours","isPartOf":{"@id":"https:\/\/worldgateegypt.com\/#website"},"datePublished":"2025-07-08T12:20:00+00:00","dateModified":"2025-08-12T07:51:56+00:00","breadcrumb":{"@id":"https:\/\/worldgateegypt.com\/fr\/transportation\/#breadcrumb"},"inLanguage":"fr-FR","potentialAction":[{"@type":"ReadAction","target":["https:\/\/worldgateegypt.com\/fr\/transportation\/"]}]},{"@type":"BreadcrumbList","@id":"https:\/\/worldgateegypt.com\/fr\/transportation\/#breadcrumb","itemListElement":[{"@type":"ListItem","position":1,"name":"Home","item":"https:\/\/worldgateegypt.com\/fr\/"},{"@type":"ListItem","position":2,"name":"Transport"}]},{"@type":"WebSite","@id":"https:\/\/worldgateegypt.com\/#website","url":"https:\/\/worldgateegypt.com\/","name":"World Gate Tours","description":"","publisher":{"@id":"https:\/\/worldgateegypt.com\/#organization"},"potentialAction":[{"@type":"SearchAction","target":{"@type":"EntryPoint","urlTemplate":"https:\/\/worldgateegypt.com\/?s={search_term_string}"},"query-input":{"@type":"PropertyValueSpecification","valueRequired":true,"valueName":"search_term_string"}}],"inLanguage":"fr-FR"},{"@type":"Organization","@id":"https:\/\/worldgateegypt.com\/#organization","name":"World Gate Tours","url":"https:\/\/worldgateegypt.com\/","logo":{"@type":"ImageObject","inLanguage":"fr-FR","@id":"https:\/\/worldgateegypt.com\/#\/schema\/logo\/image\/","url":"https:\/\/worldgateegypt.com\/wp-content\/uploads\/2022\/04\/world-gate-logo-01-scaled.jpg","contentUrl":"https:\/\/worldgateegypt.com\/wp-content\/uploads\/2022\/04\/world-gate-logo-01-scaled.jpg","width":2560,"height":2560,"caption":"World Gate Tours"},"image":{"@id":"https:\/\/worldgateegypt.com\/#\/schema\/logo\/image\/"}}]}},"_links":{"self":[{"href":"https:\/\/worldgateegypt.com\/fr\/wp-json\/wp\/v2\/pages\/20108","targetHints":{"allow":["GET"]}}],"collection":[{"href":"https:\/\/worldgateegypt.com\/fr\/wp-json\/wp\/v2\/pages"}],"about":[{"href":"https:\/\/worldgateegypt.com\/fr\/wp-json\/wp\/v2\/types\/page"}],"author":[{"embeddable":true,"href":"https:\/\/worldgateegypt.com\/fr\/wp-json\/wp\/v2\/users\/1"}],"replies":[{"embeddable":true,"href":"https:\/\/worldgateegypt.com\/fr\/wp-json\/wp\/v2\/comments?post=20108"}],"version-history":[{"count":4,"href":"https:\/\/worldgateegypt.com\/fr\/wp-json\/wp\/v2\/pages\/20108\/revisions"}],"predecessor-version":[{"id":20129,"href":"https:\/\/worldgateegypt.com\/fr\/wp-json\/wp\/v2\/pages\/20108\/revisions\/20129"}],"wp:attachment":[{"href":"https:\/\/worldgateegypt.com\/fr\/wp-json\/wp\/v2\/media?parent=20108"}],"curies":[{"name":"wp","href":"https:\/\/api.w.org\/{rel}","templated":true}]}}