{"id":20078,"date":"2025-07-08T14:34:31","date_gmt":"2025-07-08T11:34:31","guid":{"rendered":"https:\/\/worldgateegypt.com\/flight\/"},"modified":"2025-08-12T10:05:50","modified_gmt":"2025-08-12T07:05:50","slug":"flight","status":"publish","type":"page","link":"https:\/\/worldgateegypt.com\/fr\/flight\/","title":{"rendered":"Vol"},"content":{"rendered":"\t\t<div data-elementor-type=\"wp-page\" data-elementor-id=\"20078\" class=\"elementor elementor-20078 elementor-15730\">\n\t\t\t\t<div class=\"elementor-element elementor-element-ada5599 e-con-full e-flex e-con e-parent\" data-id=\"ada5599\" data-element_type=\"container\">\n\t\t<div class=\"elementor-element elementor-element-7dae875 e-con-full e-flex e-con e-child\" data-id=\"7dae875\" data-element_type=\"container\" data-settings=\"{&quot;background_background&quot;:&quot;classic&quot;}\">\n\t\t\t\t<div class=\"elementor-element elementor-element-e525b06 elementor-widget elementor-widget-heading\" data-id=\"e525b06\" data-element_type=\"widget\" data-widget_type=\"heading.default\">\n\t\t\t\t<div class=\"elementor-widget-container\">\n\t\t\t\t\t<h2 class=\"elementor-heading-title elementor-size-default\">Vol<\/h2>\t\t\t\t<\/div>\n\t\t\t\t<\/div>\n\t\t\t\t<\/div>\n\t\t\t\t<\/div>\n\t\t<div class=\"elementor-element elementor-element-d179db6 e-flex e-con-boxed e-con e-parent\" data-id=\"d179db6\" data-element_type=\"container\" data-settings=\"{&quot;background_background&quot;:&quot;classic&quot;}\">\n\t\t\t\t\t<div class=\"e-con-inner\">\n\t\t<div class=\"elementor-element elementor-element-9c00d15 e-con-full e-flex e-con e-child\" data-id=\"9c00d15\" data-element_type=\"container\">\n\t\t\t\t<div class=\"elementor-element elementor-element-ea9f114 elementor-widget__width-initial elementor-widget-mobile__width-inherit elementor-invisible elementor-widget elementor-widget-heading\" data-id=\"ea9f114\" data-element_type=\"widget\" data-settings=\"{&quot;_animation&quot;:&quot;fadeInLeft&quot;}\" data-widget_type=\"heading.default\">\n\t\t\t\t<div class=\"elementor-widget-container\">\n\t\t\t\t\t<h2 class=\"elementor-heading-title elementor-size-default\">Services de r\u00e9servation de vols<\/h2>\t\t\t\t<\/div>\n\t\t\t\t<\/div>\n\t\t\t\t<div class=\"elementor-element elementor-element-46283a6 elementor-widget__width-initial elementor-invisible elementor-widget elementor-widget-text-editor\" data-id=\"46283a6\" data-element_type=\"widget\" data-settings=\"{&quot;_animation&quot;:&quot;fadeInLeft&quot;,&quot;_animation_delay&quot;:500}\" data-widget_type=\"text-editor.default\">\n\t\t\t\t<div class=\"elementor-widget-container\">\n\t\t\t\t\t\t\t\t\t<p data-end=\"372\" data-start=\"235\">La r\u00e9servation d&rsquo;un vol doit \u00eatre simple, sans stress et adapt\u00e9e \u00e0 vos besoins de voyage. C&rsquo;est exactement ce que nous vous proposons chez World Gate Tours.<\/p><p data-end=\"683\" data-start=\"374\">Que vous voyagiez pour affaires, pour vos loisirs, pour un p\u00e8lerinage religieux ou dans le cadre d&rsquo;un voyage organis\u00e9, notre \u00e9quipe d&rsquo;experts vous aidera \u00e0 trouver les meilleurs itin\u00e9raires, compagnies a\u00e9riennes et tarifs adapt\u00e9s \u00e0 votre emploi du temps et \u00e0 votre budget. Nous travaillons en partenariat avec les principales compagnies a\u00e9riennes internationales et r\u00e9gionales afin de vous proposer des options de vol flexibles et des prix comp\u00e9titifs.<\/p><p data-end=\"942\" data-start=\"807\">Il vous suffit de remplir le formulaire ci-dessous avec les d\u00e9tails de votre voyage, et nous vous r\u00e9pondrons rapidement avec des options de vol et une aide \u00e0 la r\u00e9servation.<\/p>\t\t\t\t\t\t\t\t<\/div>\n\t\t\t\t<\/div>\n\t\t\t\t<\/div>\n\t\t<div class=\"elementor-element elementor-element-5f135fe e-con-full e-flex elementor-invisible e-con e-child\" data-id=\"5f135fe\" data-element_type=\"container\" data-settings=\"{&quot;animation&quot;:&quot;fadeInRight&quot;,&quot;background_background&quot;:&quot;classic&quot;}\">\n\t\t\t\t<\/div>\n\t\t\t\t\t<\/div>\n\t\t\t\t<\/div>\n\t\t<div class=\"elementor-element elementor-element-5798487 e-flex e-con-boxed e-con e-parent\" data-id=\"5798487\" data-element_type=\"container\">\n\t\t\t\t\t<div class=\"e-con-inner\">\n\t\t\t\t<div class=\"elementor-element elementor-element-0c34773 elementor-widget__width-initial elementor-widget-mobile__width-inherit elementor-invisible elementor-widget elementor-widget-heading\" data-id=\"0c34773\" data-element_type=\"widget\" data-settings=\"{&quot;_animation&quot;:&quot;fadeInLeft&quot;}\" data-widget_type=\"heading.default\">\n\t\t\t\t<div class=\"elementor-widget-container\">\n\t\t\t\t\t<h2 class=\"elementor-heading-title elementor-size-default\">Soumettez les d\u00e9tails de votre voyage<\/h2>\t\t\t\t<\/div>\n\t\t\t\t<\/div>\n\t\t\t\t<div class=\"elementor-element elementor-element-728d72a elementor-widget__width-initial elementor-invisible elementor-widget elementor-widget-text-editor\" data-id=\"728d72a\" data-element_type=\"widget\" data-settings=\"{&quot;_animation&quot;:&quot;fadeInLeft&quot;,&quot;_animation_delay&quot;:500}\" data-widget_type=\"text-editor.default\">\n\t\t\t\t<div class=\"elementor-widget-container\">\n\t\t\t\t\t\t\t\t\t<p data-start=\"235\" data-end=\"372\">Il vous suffit de remplir le formulaire ci-dessous avec les d\u00e9tails de votre voyage, et nous vous r\u00e9pondrons rapidement avec les d\u00e9tails du vol.<\/p>\t\t\t\t\t\t\t\t<\/div>\n\t\t\t\t<\/div>\n\t\t\t\t<div class=\"elementor-element elementor-element-58fff31 elementor-widget elementor-widget-shortcode\" data-id=\"58fff31\" data-element_type=\"widget\" data-widget_type=\"shortcode.default\">\n\t\t\t\t<div class=\"elementor-widget-container\">\n\t\t\t\t\t\t\t<div class=\"elementor-shortcode\">\n<div class=\"wpcf7 no-js\" id=\"wpcf7-f20095-o1\" lang=\"en-US\" dir=\"ltr\" data-wpcf7-id=\"20095\">\n<div class=\"screen-reader-response\"><p role=\"status\" aria-live=\"polite\" aria-atomic=\"true\"><\/p> <ul><\/ul><\/div>\n<form action=\"\/fr\/wp-json\/wp\/v2\/pages\/20078#wpcf7-f20095-o1\" method=\"post\" class=\"wpcf7-form init\" aria-label=\"Contact form\" enctype=\"multipart\/form-data\" novalidate=\"novalidate\" data-status=\"init\">\n<fieldset class=\"hidden-fields-container\"><input type=\"hidden\" name=\"_wpcf7\" value=\"20095\" \/><input type=\"hidden\" name=\"_wpcf7_version\" value=\"6.1.4\" \/><input type=\"hidden\" name=\"_wpcf7_locale\" value=\"en_US\" \/><input type=\"hidden\" name=\"_wpcf7_unit_tag\" value=\"wpcf7-f20095-o1\" \/><input type=\"hidden\" name=\"_wpcf7_container_post\" value=\"0\" \/><input type=\"hidden\" name=\"_wpcf7_posted_data_hash\" value=\"\" \/>\n<\/fieldset>\n<style>\n.short-textarea {\n height: 100px !important;\n resize: vertical;\n}\n<\/style>\n<div class=\"container my-10\" style=\"width: 100%; padding: 30px; border: 1px solid #ddd; border-radius: 5px; box-shadow: 0 4px 12px rgba(0, 0, 0, 0.08); background-color: #fff;\">\n\t<div class=\"mt30\" style=\"width:100%\">\n\t\t<div class=\"row\">\n\t\t\t<div class=\"col-md-6\">\n\t\t\t\t<div class=\"form-group\">\n\t\t\t\t\t<p><label>Nom complet<\/label><br \/>\n<span class=\"wpcf7-form-control-wrap\" data-name=\"full-name\"><input size=\"40\" maxlength=\"400\" class=\"wpcf7-form-control wpcf7-text wpcf7-validates-as-required form-control\" id=\"full-name\" aria-required=\"true\" aria-invalid=\"false\" placeholder=\"Entrez votre nom complet\" value=\"\" type=\"text\" name=\"full-name\" \/><\/span>\n\t\t\t\t\t<\/p>\n\t\t\t\t<\/div>\n\t\t\t<\/div>\n\t\t\t<div class=\"col-md-6\">\n\t\t\t\t<div class=\"form-group\">\n\t\t\t\t\t<p><label>Adresse \u00e9lectronique<\/label><br \/>\n<span class=\"wpcf7-form-control-wrap\" data-name=\"email\"><input size=\"40\" maxlength=\"400\" class=\"wpcf7-form-control wpcf7-email wpcf7-validates-as-required wpcf7-text wpcf7-validates-as-email form-control\" id=\"email\" aria-required=\"true\" aria-invalid=\"false\" placeholder=\"Entrez votre adresse e-mail\" value=\"\" type=\"email\" name=\"email\" \/><\/span>\n\t\t\t\t\t<\/p>\n\t\t\t\t<\/div>\n\t\t\t<\/div>\n\t\t<\/div>\n\t\t<div class=\"row\">\n\t\t\t<div class=\"col-md-6\">\n\t\t\t\t<div class=\"form-group\">\n\t\t\t\t\t<p><label>De<\/label><br \/>\n<span class=\"wpcf7-form-control-wrap\" data-name=\"from-location\"><input size=\"40\" maxlength=\"400\" class=\"wpcf7-form-control wpcf7-text wpcf7-validates-as-required form-control\" id=\"from\" aria-required=\"true\" aria-invalid=\"false\" placeholder=\"Ville ou a\u00e9roport de d\u00e9part\" value=\"\" type=\"text\" name=\"from-location\" \/><\/span>\n\t\t\t\t\t<\/p>\n\t\t\t\t<\/div>\n\t\t\t<\/div>\n\t\t\t<div class=\"col-md-6\">\n\t\t\t\t<div class=\"form-group\">\n\t\t\t\t\t<p><label>\u00c0<\/label><br \/>\n<span class=\"wpcf7-form-control-wrap\" data-name=\"to-location\"><input size=\"40\" maxlength=\"400\" class=\"wpcf7-form-control wpcf7-text wpcf7-validates-as-required form-control\" id=\"to\" aria-required=\"true\" aria-invalid=\"false\" placeholder=\"Ville ou a\u00e9roport d&#039;arriv\u00e9e\" value=\"\" type=\"text\" name=\"to-location\" \/><\/span>\n\t\t\t\t\t<\/p>\n\t\t\t\t<\/div>\n\t\t\t<\/div>\n\t\t<\/div>\n\t\t<div class=\"row\">\n\t\t\t<div class=\"col-md-6\">\n\t\t\t\t<div class=\"form-group\">\n\t\t\t\t\t<p><label>Date<\/label><br \/>\n<span class=\"wpcf7-form-control-wrap\" data-name=\"travel-date\"><input class=\"wpcf7-form-control wpcf7-date wpcf7-validates-as-required wpcf7-validates-as-date form-control\" id=\"date\" aria-required=\"true\" aria-invalid=\"false\" placeholder=\"mm\/dd\/yyyy\" value=\"\" type=\"date\" name=\"travel-date\" \/><\/span>\n\t\t\t\t\t<\/p>\n\t\t\t\t<\/div>\n\t\t\t<\/div>\n\t\t\t<div class=\"col-md-6\">\n\t\t\t\t<div class=\"form-group\">\n\t\t\t\t\t<p><label>Num\u00e9ro de t\u00e9l\u00e9phone<\/label><br \/>\n<span class=\"wpcf7-form-control-wrap\" data-name=\"phone\"><input size=\"40\" maxlength=\"400\" class=\"wpcf7-form-control wpcf7-tel wpcf7-validates-as-required wpcf7-text wpcf7-validates-as-tel form-control\" id=\"phone\" aria-required=\"true\" aria-invalid=\"false\" placeholder=\"Entrez votre num\u00e9ro de t\u00e9l\u00e9phone\" value=\"\" type=\"tel\" name=\"phone\" \/><\/span>\n\t\t\t\t\t<\/p>\n\t\t\t\t<\/div>\n\t\t\t<\/div>\n\t\t<\/div>\n\t\t<div class=\"row\">\n\t\t\t<div class=\"col-md-6\">\n\t\t\t\t<div class=\"form-group\">\n\t\t\t\t\t<p><label>Classe de voyage<\/label><br \/>\n<span class=\"wpcf7-form-control-wrap\" data-name=\"travel-class\"><select class=\"wpcf7-form-control wpcf7-select wpcf7-validates-as-required form-control\" aria-required=\"true\" aria-invalid=\"false\" name=\"travel-class\"><option value=\"\u00c9conomie\">\u00c9conomie<\/option><option value=\"Affaires\">Affaires<\/option><option value=\"Premi\u00e8re classe\">Premi\u00e8re classe<\/option><\/select><\/span>\n\t\t\t\t\t<\/p>\n\t\t\t\t<\/div>\n\t\t\t<\/div>\n\t\t\t<div class=\"col-md-6\">\n\t\t\t\t<div class=\"form-group\">\n\t\t\t\t\t<p><label>Type de vol<\/label><br \/>\n<span class=\"wpcf7-form-control-wrap\" data-name=\"flight-type\"><input size=\"40\" maxlength=\"400\" class=\"wpcf7-form-control wpcf7-text form-control\" id=\"flight-type\" aria-invalid=\"false\" placeholder=\"Par exemple : Direct, 1 arr\u00eat, aller-retour\" value=\"\" type=\"text\" name=\"flight-type\" \/><\/span>\n\t\t\t\t\t<\/p>\n\t\t\t\t<\/div>\n\t\t\t<\/div>\n\t\t<\/div>\n\t\t<div class=\"form-group\">\n\t\t\t<p><label>Remarques suppl\u00e9mentaires<\/label><br \/>\n<span class=\"wpcf7-form-control-wrap\" data-name=\"message\"><textarea cols=\"40\" rows=\"10\" maxlength=\"2000\" class=\"wpcf7-form-control wpcf7-textarea form-control short-textarea\" id=\"message\" aria-invalid=\"false\" placeholder=\"Avez-vous des pr\u00e9f\u00e9rences ou des informations suppl\u00e9mentaires ?\" name=\"message\"><\/textarea><\/span>\n\t\t\t<\/p>\n\t\t<\/div>\n\t\t<div class=\"form-group\">\n\t\t\t<p><label>T\u00e9l\u00e9charger une photo<\/label><br \/>\n<span class=\"wpcf7-form-control-wrap\" data-name=\"file-377\"><input size=\"40\" class=\"wpcf7-form-control wpcf7-file\" accept=\"image\/*\" aria-invalid=\"false\" type=\"file\" name=\"file-377\" \/><\/span>\n\t\t\t<\/p>\n\t\t<\/div>\n\t\t<p><input class=\"wpcf7-form-control wpcf7-submit has-spinner btn btn-primary\" type=\"submit\" value=\"Envoyer une demande de r\u00e9servation\" \/>\n\t\t<\/p>\n\t<\/div>\n<\/div><div class=\"wpcf7-response-output\" aria-hidden=\"true\"><\/div>\n<\/form>\n<\/div>\n<\/div>\n\t\t\t\t\t\t<\/div>\n\t\t\t\t<\/div>\n\t\t\t\t\t<\/div>\n\t\t\t\t<\/div>\n\t\t\t\t<\/div>\n\t\t","protected":false},"excerpt":{"rendered":"<p>Vol Services de r\u00e9servation de vols La r\u00e9servation d&rsquo;un vol doit \u00eatre simple, sans stress et adapt\u00e9e \u00e0 vos besoins de voyage. C&rsquo;est exactement ce que nous vous proposons chez World Gate Tours. Que vous voyagiez pour affaires, pour vos loisirs, pour un p\u00e8lerinage religieux ou dans le cadre d&rsquo;un voyage organis\u00e9, notre \u00e9quipe d&rsquo;experts [&hellip;]<\/p>\n","protected":false},"author":1,"featured_media":0,"parent":0,"menu_order":0,"comment_status":"closed","ping_status":"closed","template":"template-blank.php","meta":{"footnotes":""},"class_list":["post-20078","page","type-page","status-publish","has-post-thumbnail","hentry"],"yoast_head":"<!-- This site is optimized with the Yoast SEO plugin v26.6 - https:\/\/yoast.com\/wordpress\/plugins\/seo\/ -->\n<title>Vol - World Gate Tours<\/title>\n<meta name=\"robots\" content=\"index, follow, max-snippet:-1, max-image-preview:large, max-video-preview:-1\" \/>\n<link rel=\"canonical\" href=\"https:\/\/worldgateegypt.com\/fr\/flight\/\" \/>\n<meta property=\"og:locale\" content=\"fr_FR\" \/>\n<meta property=\"og:type\" content=\"article\" \/>\n<meta property=\"og:title\" content=\"Vol - World Gate Tours\" \/>\n<meta property=\"og:description\" content=\"Vol Services de r\u00e9servation de vols La r\u00e9servation d&rsquo;un vol doit \u00eatre simple, sans stress et adapt\u00e9e \u00e0 vos besoins de voyage. C&rsquo;est exactement ce que nous vous proposons chez World Gate Tours. Que vous voyagiez pour affaires, pour vos loisirs, pour un p\u00e8lerinage religieux ou dans le cadre d&rsquo;un voyage organis\u00e9, notre \u00e9quipe d&rsquo;experts [&hellip;]\" \/>\n<meta property=\"og:url\" content=\"https:\/\/worldgateegypt.com\/fr\/flight\/\" \/>\n<meta property=\"og:site_name\" content=\"World Gate Tours\" \/>\n<meta property=\"article:modified_time\" content=\"2025-08-12T07:05:50+00:00\" \/>\n<meta name=\"twitter:card\" content=\"summary_large_image\" \/>\n<meta name=\"twitter:label1\" content=\"Dur\u00e9e de lecture estim\u00e9e\" \/>\n\t<meta name=\"twitter:data1\" content=\"1 minute\" \/>\n<script type=\"application\/ld+json\" class=\"yoast-schema-graph\">{\"@context\":\"https:\/\/schema.org\",\"@graph\":[{\"@type\":\"WebPage\",\"@id\":\"https:\/\/worldgateegypt.com\/fr\/flight\/\",\"url\":\"https:\/\/worldgateegypt.com\/fr\/flight\/\",\"name\":\"Vol - World Gate Tours\",\"isPartOf\":{\"@id\":\"https:\/\/worldgateegypt.com\/#website\"},\"datePublished\":\"2025-07-08T11:34:31+00:00\",\"dateModified\":\"2025-08-12T07:05:50+00:00\",\"breadcrumb\":{\"@id\":\"https:\/\/worldgateegypt.com\/fr\/flight\/#breadcrumb\"},\"inLanguage\":\"fr-FR\",\"potentialAction\":[{\"@type\":\"ReadAction\",\"target\":[\"https:\/\/worldgateegypt.com\/fr\/flight\/\"]}]},{\"@type\":\"BreadcrumbList\",\"@id\":\"https:\/\/worldgateegypt.com\/fr\/flight\/#breadcrumb\",\"itemListElement\":[{\"@type\":\"ListItem\",\"position\":1,\"name\":\"Home\",\"item\":\"https:\/\/worldgateegypt.com\/fr\/\"},{\"@type\":\"ListItem\",\"position\":2,\"name\":\"Vol\"}]},{\"@type\":\"WebSite\",\"@id\":\"https:\/\/worldgateegypt.com\/#website\",\"url\":\"https:\/\/worldgateegypt.com\/\",\"name\":\"World Gate Tours\",\"description\":\"\",\"publisher\":{\"@id\":\"https:\/\/worldgateegypt.com\/#organization\"},\"potentialAction\":[{\"@type\":\"SearchAction\",\"target\":{\"@type\":\"EntryPoint\",\"urlTemplate\":\"https:\/\/worldgateegypt.com\/?s={search_term_string}\"},\"query-input\":{\"@type\":\"PropertyValueSpecification\",\"valueRequired\":true,\"valueName\":\"search_term_string\"}}],\"inLanguage\":\"fr-FR\"},{\"@type\":\"Organization\",\"@id\":\"https:\/\/worldgateegypt.com\/#organization\",\"name\":\"World Gate Tours\",\"url\":\"https:\/\/worldgateegypt.com\/\",\"logo\":{\"@type\":\"ImageObject\",\"inLanguage\":\"fr-FR\",\"@id\":\"https:\/\/worldgateegypt.com\/#\/schema\/logo\/image\/\",\"url\":\"https:\/\/worldgateegypt.com\/wp-content\/uploads\/2022\/04\/world-gate-logo-01-scaled.jpg\",\"contentUrl\":\"https:\/\/worldgateegypt.com\/wp-content\/uploads\/2022\/04\/world-gate-logo-01-scaled.jpg\",\"width\":2560,\"height\":2560,\"caption\":\"World Gate Tours\"},\"image\":{\"@id\":\"https:\/\/worldgateegypt.com\/#\/schema\/logo\/image\/\"}}]}<\/script>\n<!-- \/ Yoast SEO plugin. -->","yoast_head_json":{"title":"Vol - World Gate Tours","robots":{"index":"index","follow":"follow","max-snippet":"max-snippet:-1","max-image-preview":"max-image-preview:large","max-video-preview":"max-video-preview:-1"},"canonical":"https:\/\/worldgateegypt.com\/fr\/flight\/","og_locale":"fr_FR","og_type":"article","og_title":"Vol - World Gate Tours","og_description":"Vol Services de r\u00e9servation de vols La r\u00e9servation d&rsquo;un vol doit \u00eatre simple, sans stress et adapt\u00e9e \u00e0 vos besoins de voyage. C&rsquo;est exactement ce que nous vous proposons chez World Gate Tours. Que vous voyagiez pour affaires, pour vos loisirs, pour un p\u00e8lerinage religieux ou dans le cadre d&rsquo;un voyage organis\u00e9, notre \u00e9quipe d&rsquo;experts [&hellip;]","og_url":"https:\/\/worldgateegypt.com\/fr\/flight\/","og_site_name":"World Gate Tours","article_modified_time":"2025-08-12T07:05:50+00:00","twitter_card":"summary_large_image","twitter_misc":{"Dur\u00e9e de lecture estim\u00e9e":"1 minute"},"schema":{"@context":"https:\/\/schema.org","@graph":[{"@type":"WebPage","@id":"https:\/\/worldgateegypt.com\/fr\/flight\/","url":"https:\/\/worldgateegypt.com\/fr\/flight\/","name":"Vol - World Gate Tours","isPartOf":{"@id":"https:\/\/worldgateegypt.com\/#website"},"datePublished":"2025-07-08T11:34:31+00:00","dateModified":"2025-08-12T07:05:50+00:00","breadcrumb":{"@id":"https:\/\/worldgateegypt.com\/fr\/flight\/#breadcrumb"},"inLanguage":"fr-FR","potentialAction":[{"@type":"ReadAction","target":["https:\/\/worldgateegypt.com\/fr\/flight\/"]}]},{"@type":"BreadcrumbList","@id":"https:\/\/worldgateegypt.com\/fr\/flight\/#breadcrumb","itemListElement":[{"@type":"ListItem","position":1,"name":"Home","item":"https:\/\/worldgateegypt.com\/fr\/"},{"@type":"ListItem","position":2,"name":"Vol"}]},{"@type":"WebSite","@id":"https:\/\/worldgateegypt.com\/#website","url":"https:\/\/worldgateegypt.com\/","name":"World Gate Tours","description":"","publisher":{"@id":"https:\/\/worldgateegypt.com\/#organization"},"potentialAction":[{"@type":"SearchAction","target":{"@type":"EntryPoint","urlTemplate":"https:\/\/worldgateegypt.com\/?s={search_term_string}"},"query-input":{"@type":"PropertyValueSpecification","valueRequired":true,"valueName":"search_term_string"}}],"inLanguage":"fr-FR"},{"@type":"Organization","@id":"https:\/\/worldgateegypt.com\/#organization","name":"World Gate Tours","url":"https:\/\/worldgateegypt.com\/","logo":{"@type":"ImageObject","inLanguage":"fr-FR","@id":"https:\/\/worldgateegypt.com\/#\/schema\/logo\/image\/","url":"https:\/\/worldgateegypt.com\/wp-content\/uploads\/2022\/04\/world-gate-logo-01-scaled.jpg","contentUrl":"https:\/\/worldgateegypt.com\/wp-content\/uploads\/2022\/04\/world-gate-logo-01-scaled.jpg","width":2560,"height":2560,"caption":"World Gate Tours"},"image":{"@id":"https:\/\/worldgateegypt.com\/#\/schema\/logo\/image\/"}}]}},"_links":{"self":[{"href":"https:\/\/worldgateegypt.com\/fr\/wp-json\/wp\/v2\/pages\/20078","targetHints":{"allow":["GET"]}}],"collection":[{"href":"https:\/\/worldgateegypt.com\/fr\/wp-json\/wp\/v2\/pages"}],"about":[{"href":"https:\/\/worldgateegypt.com\/fr\/wp-json\/wp\/v2\/types\/page"}],"author":[{"embeddable":true,"href":"https:\/\/worldgateegypt.com\/fr\/wp-json\/wp\/v2\/users\/1"}],"replies":[{"embeddable":true,"href":"https:\/\/worldgateegypt.com\/fr\/wp-json\/wp\/v2\/comments?post=20078"}],"version-history":[{"count":4,"href":"https:\/\/worldgateegypt.com\/fr\/wp-json\/wp\/v2\/pages\/20078\/revisions"}],"predecessor-version":[{"id":20099,"href":"https:\/\/worldgateegypt.com\/fr\/wp-json\/wp\/v2\/pages\/20078\/revisions\/20099"}],"wp:attachment":[{"href":"https:\/\/worldgateegypt.com\/fr\/wp-json\/wp\/v2\/media?parent=20078"}],"curies":[{"name":"wp","href":"https:\/\/api.w.org\/{rel}","templated":true}]}}