{"id":20036,"date":"2022-04-14T01:27:33","date_gmt":"2022-04-14T01:27:33","guid":{"rendered":"https:\/\/worldgateegypt.com\/contact\/"},"modified":"2025-08-11T17:41:44","modified_gmt":"2025-08-11T14:41:44","slug":"contact","status":"publish","type":"page","link":"https:\/\/worldgateegypt.com\/fr\/contact\/","title":{"rendered":"Contact"},"content":{"rendered":"\t\t<div data-elementor-type=\"wp-page\" data-elementor-id=\"20036\" class=\"elementor elementor-20036 elementor-707\">\n\t\t\t\t<div class=\"elementor-element elementor-element-9f2fe5d e-con-full e-flex e-con e-parent\" data-id=\"9f2fe5d\" data-element_type=\"container\">\n\t\t<div class=\"elementor-element elementor-element-d2fd82c e-con-full e-flex e-con e-child\" data-id=\"d2fd82c\" data-element_type=\"container\" data-settings=\"{&quot;background_background&quot;:&quot;classic&quot;}\">\n\t\t\t\t<div class=\"elementor-element elementor-element-2d6142c elementor-widget elementor-widget-heading\" data-id=\"2d6142c\" data-element_type=\"widget\" data-widget_type=\"heading.default\">\n\t\t\t\t<div class=\"elementor-widget-container\">\n\t\t\t\t\t<h2 class=\"elementor-heading-title elementor-size-default\">Contactez-nous<\/h2>\t\t\t\t<\/div>\n\t\t\t\t<\/div>\n\t\t\t\t<\/div>\n\t\t\t\t<\/div>\n\t\t<div class=\"elementor-element elementor-element-9b8577d e-flex e-con-boxed e-con e-parent\" data-id=\"9b8577d\" data-element_type=\"container\">\n\t\t\t\t\t<div class=\"e-con-inner\">\n\t\t<div class=\"elementor-element elementor-element-934864a e-con-full e-flex e-con e-child\" data-id=\"934864a\" data-element_type=\"container\" data-settings=\"{&quot;background_background&quot;:&quot;classic&quot;}\">\n\t\t\t\t<div class=\"elementor-element elementor-element-4e25103 elementor-widget elementor-widget-heading\" data-id=\"4e25103\" data-element_type=\"widget\" data-widget_type=\"heading.default\">\n\t\t\t\t<div class=\"elementor-widget-container\">\n\t\t\t\t\t<h2 class=\"elementor-heading-title elementor-size-default\">Appelez-nous<\/h2>\t\t\t\t<\/div>\n\t\t\t\t<\/div>\n\t\t\t\t<div class=\"elementor-element elementor-element-4ab5f4d elementor-widget elementor-widget-heading\" data-id=\"4ab5f4d\" data-element_type=\"widget\" data-widget_type=\"heading.default\">\n\t\t\t\t<div class=\"elementor-widget-container\">\n\t\t\t\t\t<p class=\"elementor-heading-title elementor-size-default\"><a href=\"tel:+201112592025\">(+2)01112592025<\/a><\/p>\t\t\t\t<\/div>\n\t\t\t\t<\/div>\n\t\t\t\t<div class=\"elementor-element elementor-element-644a655 elementor-widget elementor-widget-heading\" data-id=\"644a655\" data-element_type=\"widget\" data-widget_type=\"heading.default\">\n\t\t\t\t<div class=\"elementor-widget-container\">\n\t\t\t\t\t<p class=\"elementor-heading-title elementor-size-default\"><a href=\"tel:+201208076077\">(+2)01208076077<\/a><\/p>\t\t\t\t<\/div>\n\t\t\t\t<\/div>\n\t\t\t\t<\/div>\n\t\t<div class=\"elementor-element elementor-element-d97f3a3 e-con-full e-flex e-con e-child\" data-id=\"d97f3a3\" data-element_type=\"container\" data-settings=\"{&quot;background_background&quot;:&quot;classic&quot;}\">\n\t\t\t\t<div class=\"elementor-element elementor-element-aa5cde3 elementor-widget elementor-widget-heading\" data-id=\"aa5cde3\" data-element_type=\"widget\" data-widget_type=\"heading.default\">\n\t\t\t\t<div class=\"elementor-widget-container\">\n\t\t\t\t\t<h2 class=\"elementor-heading-title elementor-size-default\">WhatsApp<\/h2>\t\t\t\t<\/div>\n\t\t\t\t<\/div>\n\t\t\t\t<div class=\"elementor-element elementor-element-309629b elementor-widget elementor-widget-heading\" data-id=\"309629b\" data-element_type=\"widget\" data-widget_type=\"heading.default\">\n\t\t\t\t<div class=\"elementor-widget-container\">\n\t\t\t\t\t<p class=\"elementor-heading-title elementor-size-default\"><a href=\"http:\/\/wa.me\/+201208076077\">(+2)01208076077<\/a><\/p>\t\t\t\t<\/div>\n\t\t\t\t<\/div>\n\t\t\t\t<\/div>\n\t\t<div class=\"elementor-element elementor-element-0125808 e-con-full e-flex e-con e-child\" data-id=\"0125808\" data-element_type=\"container\" data-settings=\"{&quot;background_background&quot;:&quot;classic&quot;}\">\n\t\t\t\t<div class=\"elementor-element elementor-element-fcb6066 elementor-widget elementor-widget-heading\" data-id=\"fcb6066\" data-element_type=\"widget\" data-widget_type=\"heading.default\">\n\t\t\t\t<div class=\"elementor-widget-container\">\n\t\t\t\t\t<h2 class=\"elementor-heading-title elementor-size-default\">Envoyer un e-mail<\/h2>\t\t\t\t<\/div>\n\t\t\t\t<\/div>\n\t\t\t\t<div class=\"elementor-element elementor-element-f26c3cc elementor-widget elementor-widget-heading\" data-id=\"f26c3cc\" data-element_type=\"widget\" data-widget_type=\"heading.default\">\n\t\t\t\t<div class=\"elementor-widget-container\">\n\t\t\t\t\t<p class=\"elementor-heading-title elementor-size-default\"><a href=\"mailto:info@worldgateegypt.com\"> info@worldgateegypt.com<\/a><\/p>\t\t\t\t<\/div>\n\t\t\t\t<\/div>\n\t\t\t\t<div class=\"elementor-element elementor-element-ce3f5d4 elementor-widget elementor-widget-heading\" data-id=\"ce3f5d4\" data-element_type=\"widget\" data-widget_type=\"heading.default\">\n\t\t\t\t<div class=\"elementor-widget-container\">\n\t\t\t\t\t<p class=\"elementor-heading-title elementor-size-default\"><a href=\"mailto:Reservation@worldgateegypt.com\">Reservation@worldgateegypt.com<\/a><\/p>\t\t\t\t<\/div>\n\t\t\t\t<\/div>\n\t\t\t\t<\/div>\n\t\t<div class=\"elementor-element elementor-element-c162b83 e-con-full e-flex e-con e-child\" data-id=\"c162b83\" data-element_type=\"container\" data-settings=\"{&quot;background_background&quot;:&quot;classic&quot;}\">\n\t\t\t\t<div class=\"elementor-element elementor-element-cbd04d8 elementor-widget elementor-widget-heading\" data-id=\"cbd04d8\" data-element_type=\"widget\" data-widget_type=\"heading.default\">\n\t\t\t\t<div class=\"elementor-widget-container\">\n\t\t\t\t\t<h2 class=\"elementor-heading-title elementor-size-default\">Si\u00e8ge social<\/h2>\t\t\t\t<\/div>\n\t\t\t\t<\/div>\n\t\t\t\t<div class=\"elementor-element elementor-element-b2c98d4 elementor-widget elementor-widget-heading\" data-id=\"b2c98d4\" data-element_type=\"widget\" data-widget_type=\"heading.default\">\n\t\t\t\t<div class=\"elementor-widget-container\">\n\t\t\t\t\t<p class=\"elementor-heading-title elementor-size-default\">9 El Obour Building, 1 Salah Salem Road, Heliopolis, Cairo, Egypt<\/p>\t\t\t\t<\/div>\n\t\t\t\t<\/div>\n\t\t\t\t<\/div>\n\t\t\t\t\t<\/div>\n\t\t\t\t<\/div>\n\t\t<div class=\"elementor-element elementor-element-42a98e4 e-flex e-con-boxed e-con e-parent\" data-id=\"42a98e4\" data-element_type=\"container\">\n\t\t\t\t\t<div class=\"e-con-inner\">\n\t\t<div class=\"elementor-element elementor-element-fd42d6f e-con-full e-flex elementor-invisible e-con e-child\" data-id=\"fd42d6f\" data-element_type=\"container\" data-settings=\"{&quot;background_background&quot;:&quot;classic&quot;,&quot;animation&quot;:&quot;fadeInLeft&quot;}\">\n\t\t\t\t<div class=\"elementor-element elementor-element-20ca2b3 elementor-widget__width-initial elementor-invisible elementor-widget elementor-widget-heading\" data-id=\"20ca2b3\" data-element_type=\"widget\" data-settings=\"{&quot;_animation&quot;:&quot;fadeInDown&quot;}\" data-widget_type=\"heading.default\">\n\t\t\t\t<div class=\"elementor-widget-container\">\n\t\t\t\t\t<h2 class=\"elementor-heading-title elementor-size-default\">Nous contacter<\/h2>\t\t\t\t<\/div>\n\t\t\t\t<\/div>\n\t\t\t\t<div class=\"elementor-element elementor-element-1c2ab58 elementor-widget__width-initial elementor-invisible elementor-widget elementor-widget-text-editor\" data-id=\"1c2ab58\" data-element_type=\"widget\" data-settings=\"{&quot;_animation&quot;:&quot;fadeInUp&quot;}\" data-widget_type=\"text-editor.default\">\n\t\t\t\t<div class=\"elementor-widget-container\">\n\t\t\t\t\t\t\t\t\t<p data-start=\"134\" data-end=\"300\">Laissez-nous vous aider \u00e0 planifier votre prochain voyage inoubliable. N&rsquo;h\u00e9sitez pas \u00e0 nous contacter pour toute question, demande de r\u00e9servation ou besoin de voyage personnalis\u00e9 \u2014 nous sommes l\u00e0 pour vous faciliter la t\u00e2che.<\/p>\t\t\t\t\t\t\t\t<\/div>\n\t\t\t\t<\/div>\n\t\t\t\t<div class=\"elementor-element elementor-element-7813f98 elementor-invisible elementor-widget elementor-widget-shortcode\" data-id=\"7813f98\" data-element_type=\"widget\" data-settings=\"{&quot;_animation&quot;:&quot;fadeInLeft&quot;}\" data-widget_type=\"shortcode.default\">\n\t\t\t\t<div class=\"elementor-widget-container\">\n\t\t\t\t\t\t\t<div class=\"elementor-shortcode\">\n<div class=\"wpcf7 no-js\" id=\"wpcf7-f20061-o1\" lang=\"en-US\" dir=\"ltr\" data-wpcf7-id=\"20061\">\n<div class=\"screen-reader-response\"><p role=\"status\" aria-live=\"polite\" aria-atomic=\"true\"><\/p> <ul><\/ul><\/div>\n<form action=\"\/fr\/wp-json\/wp\/v2\/pages\/20036#wpcf7-f20061-o1\" method=\"post\" class=\"wpcf7-form init\" aria-label=\"Contact form\" novalidate=\"novalidate\" data-status=\"init\">\n<fieldset class=\"hidden-fields-container\"><input type=\"hidden\" name=\"_wpcf7\" value=\"20061\" \/><input type=\"hidden\" name=\"_wpcf7_version\" value=\"6.1.4\" \/><input type=\"hidden\" name=\"_wpcf7_locale\" value=\"en_US\" \/><input type=\"hidden\" name=\"_wpcf7_unit_tag\" value=\"wpcf7-f20061-o1\" \/><input type=\"hidden\" name=\"_wpcf7_container_post\" value=\"0\" \/><input type=\"hidden\" name=\"_wpcf7_posted_data_hash\" value=\"\" \/>\n<\/fieldset>\n<div class=\"custom-line-form\">\n\t<p><span class=\"wpcf7-form-control-wrap\" data-name=\"your-name\"><input size=\"40\" maxlength=\"400\" class=\"wpcf7-form-control wpcf7-text wpcf7-validates-as-required\" aria-required=\"true\" aria-invalid=\"false\" placeholder=\"Nom\" value=\"\" type=\"text\" name=\"your-name\" \/><\/span><br \/>\n<span class=\"wpcf7-form-control-wrap\" data-name=\"your-email\"><input size=\"40\" maxlength=\"400\" class=\"wpcf7-form-control wpcf7-email wpcf7-validates-as-required wpcf7-text wpcf7-validates-as-email\" aria-required=\"true\" aria-invalid=\"false\" placeholder=\"Courriel\" value=\"\" type=\"email\" name=\"your-email\" \/><\/span><br \/>\n<span class=\"wpcf7-form-control-wrap\" data-name=\"your-message\"><textarea cols=\"40\" rows=\"10\" maxlength=\"2000\" class=\"wpcf7-form-control wpcf7-textarea\" aria-invalid=\"false\" placeholder=\"Message\" name=\"your-message\"><\/textarea><\/span><br \/>\n<input class=\"wpcf7-form-control wpcf7-submit has-spinner\" type=\"submit\" value=\"Envoyer un message \u2192\" \/>\n\t<\/p>\n<\/div>\n<style>\n\/* Form Container *\/\n.custom-line-form {\n font-family: inherit;\n}\n\n\/* Text fields and textarea *\/\n.custom-line-form input[type=\"text\"],\n.custom-line-form input[type=\"email\"],\n.custom-line-form textarea {\n width: 100%;\n padding: 10px 0;\n margin-bottom: 30px;\n border: none;\n border-bottom: 1px solid #ccc;\n background: transparent;\n color: #fff; \/* You can change this based on your theme *\/\n font-size: 16px;\n box-sizing: border-box;\n}\n\n.custom-line-form textarea {\n resize: vertical;\n min-height: 100px;\n}\n\n\/* Placeholder color *\/\n.custom-line-form ::placeholder {\n color: rgba(255, 255, 255, 0.5);\n}\n\n\/* Submit button *\/\n.custom-line-form input[type=\"submit\"] {\n padding: 10px 25px;\n font-size: 16px;\n color: #fff;\n background: transparent;\n border: 1px solid #fff;\n border-radius: 4px;\n cursor: pointer;\n transition: all 0.3s ease;\n}\n\n.custom-line-form input[type=\"submit\"]:hover {\n background: #fff;\n color: #000;\n}\n<\/style><div class=\"wpcf7-response-output\" aria-hidden=\"true\"><\/div>\n<\/form>\n<\/div>\n<\/div>\n\t\t\t\t\t\t<\/div>\n\t\t\t\t<\/div>\n\t\t\t\t<\/div>\n\t\t<div class=\"elementor-element elementor-element-2b62ee2 e-con-full e-flex elementor-invisible e-con e-child\" data-id=\"2b62ee2\" data-element_type=\"container\" data-settings=\"{&quot;background_background&quot;:&quot;classic&quot;,&quot;animation&quot;:&quot;fadeInRight&quot;}\">\n\t\t\t\t<div class=\"elementor-element elementor-element-b683d50 elementor-widget elementor-widget-spacer\" data-id=\"b683d50\" data-element_type=\"widget\" data-widget_type=\"spacer.default\">\n\t\t\t\t<div class=\"elementor-widget-container\">\n\t\t\t\t\t\t\t<div class=\"elementor-spacer\">\n\t\t\t<div class=\"elementor-spacer-inner\"><\/div>\n\t\t<\/div>\n\t\t\t\t\t\t<\/div>\n\t\t\t\t<\/div>\n\t\t\t\t<\/div>\n\t\t\t\t\t<\/div>\n\t\t\t\t<\/div>\n\t\t<div class=\"elementor-element elementor-element-018bddf e-flex e-con-boxed e-con e-parent\" data-id=\"018bddf\" data-element_type=\"container\">\n\t\t\t\t\t<div class=\"e-con-inner\">\n\t\t\t\t<div class=\"elementor-element elementor-element-44cf122 elementor-widget elementor-widget-google_maps\" data-id=\"44cf122\" data-element_type=\"widget\" data-widget_type=\"google_maps.default\">\n\t\t\t\t<div class=\"elementor-widget-container\">\n\t\t\t\t\t\t\t<div class=\"elementor-custom-embed\">\n\t\t\t<iframe loading=\"lazy\"\n\t\t\t\t\tsrc=\"https:\/\/www.google.com\/maps\/embed\/v1\/place?key=AIzaSyD_mvw2zZtbTI4CrlzB0zqInC6jYXfhsQw&#038;q=9%20El%20Obour%20Building%2C%201%20Salah%20Salem%20Road%2C%20Heliopolis%2C%20Cairo%2C%20Egypt&#038;zoom=15\"\n\t\t\t\t\ttitle=\"9 El Obour Building, 1 Salah Salem Road, Heliopolis, Cairo, Egypt\"\n\t\t\t\t\taria-label=\"9 El Obour Building, 1 Salah Salem Road, Heliopolis, Cairo, Egypt\"\n\t\t\t><\/iframe>\n\t\t<\/div>\n\t\t\t\t\t\t<\/div>\n\t\t\t\t<\/div>\n\t\t\t\t\t<\/div>\n\t\t\t\t<\/div>\n\t\t\t\t<\/div>\n\t\t","protected":false},"excerpt":{"rendered":"<p>Contactez-nous Appelez-nous (+2)01112592025 (+2)01208076077 WhatsApp (+2)01208076077 Envoyer un e-mail info@worldgateegypt.com Reservation@worldgateegypt.com Si\u00e8ge social 9 El Obour Building, 1 Salah Salem Road, Heliopolis, Cairo, Egypt Nous contacter Laissez-nous vous aider \u00e0 planifier votre prochain voyage inoubliable. N&rsquo;h\u00e9sitez pas \u00e0 nous contacter pour toute question, demande de r\u00e9servation ou besoin de voyage personnalis\u00e9 \u2014 nous sommes l\u00e0 [&hellip;]<\/p>\n","protected":false},"author":1,"featured_media":0,"parent":0,"menu_order":0,"comment_status":"closed","ping_status":"closed","template":"template-blank.php","meta":{"footnotes":""},"class_list":["post-20036","page","type-page","status-publish","has-post-thumbnail","hentry"],"yoast_head":"<!-- This site is optimized with the Yoast SEO plugin v26.6 - https:\/\/yoast.com\/wordpress\/plugins\/seo\/ -->\n<title>Contact - World Gate Tours<\/title>\n<meta name=\"robots\" content=\"index, follow, max-snippet:-1, max-image-preview:large, max-video-preview:-1\" \/>\n<link rel=\"canonical\" href=\"https:\/\/worldgateegypt.com\/fr\/contact\/\" \/>\n<meta property=\"og:locale\" content=\"fr_FR\" \/>\n<meta property=\"og:type\" content=\"article\" \/>\n<meta property=\"og:title\" content=\"Contact - World Gate Tours\" \/>\n<meta property=\"og:description\" content=\"Contactez-nous Appelez-nous (+2)01112592025 (+2)01208076077 WhatsApp (+2)01208076077 Envoyer un e-mail info@worldgateegypt.com Reservation@worldgateegypt.com Si\u00e8ge social 9 El Obour Building, 1 Salah Salem Road, Heliopolis, Cairo, Egypt Nous contacter Laissez-nous vous aider \u00e0 planifier votre prochain voyage inoubliable. N&rsquo;h\u00e9sitez pas \u00e0 nous contacter pour toute question, demande de r\u00e9servation ou besoin de voyage personnalis\u00e9 \u2014 nous sommes l\u00e0 [&hellip;]\" \/>\n<meta property=\"og:url\" content=\"https:\/\/worldgateegypt.com\/fr\/contact\/\" \/>\n<meta property=\"og:site_name\" content=\"World Gate Tours\" \/>\n<meta property=\"article:modified_time\" content=\"2025-08-11T14:41:44+00:00\" \/>\n<meta name=\"twitter:card\" content=\"summary_large_image\" \/>\n<script type=\"application\/ld+json\" class=\"yoast-schema-graph\">{\"@context\":\"https:\/\/schema.org\",\"@graph\":[{\"@type\":\"WebPage\",\"@id\":\"https:\/\/worldgateegypt.com\/fr\/contact\/\",\"url\":\"https:\/\/worldgateegypt.com\/fr\/contact\/\",\"name\":\"Contact - World Gate Tours\",\"isPartOf\":{\"@id\":\"https:\/\/worldgateegypt.com\/#website\"},\"datePublished\":\"2022-04-14T01:27:33+00:00\",\"dateModified\":\"2025-08-11T14:41:44+00:00\",\"breadcrumb\":{\"@id\":\"https:\/\/worldgateegypt.com\/fr\/contact\/#breadcrumb\"},\"inLanguage\":\"fr-FR\",\"potentialAction\":[{\"@type\":\"ReadAction\",\"target\":[\"https:\/\/worldgateegypt.com\/fr\/contact\/\"]}]},{\"@type\":\"BreadcrumbList\",\"@id\":\"https:\/\/worldgateegypt.com\/fr\/contact\/#breadcrumb\",\"itemListElement\":[{\"@type\":\"ListItem\",\"position\":1,\"name\":\"Home\",\"item\":\"https:\/\/worldgateegypt.com\/fr\/\"},{\"@type\":\"ListItem\",\"position\":2,\"name\":\"Contact\"}]},{\"@type\":\"WebSite\",\"@id\":\"https:\/\/worldgateegypt.com\/#website\",\"url\":\"https:\/\/worldgateegypt.com\/\",\"name\":\"World Gate Tours\",\"description\":\"\",\"publisher\":{\"@id\":\"https:\/\/worldgateegypt.com\/#organization\"},\"potentialAction\":[{\"@type\":\"SearchAction\",\"target\":{\"@type\":\"EntryPoint\",\"urlTemplate\":\"https:\/\/worldgateegypt.com\/?s={search_term_string}\"},\"query-input\":{\"@type\":\"PropertyValueSpecification\",\"valueRequired\":true,\"valueName\":\"search_term_string\"}}],\"inLanguage\":\"fr-FR\"},{\"@type\":\"Organization\",\"@id\":\"https:\/\/worldgateegypt.com\/#organization\",\"name\":\"World Gate Tours\",\"url\":\"https:\/\/worldgateegypt.com\/\",\"logo\":{\"@type\":\"ImageObject\",\"inLanguage\":\"fr-FR\",\"@id\":\"https:\/\/worldgateegypt.com\/#\/schema\/logo\/image\/\",\"url\":\"https:\/\/worldgateegypt.com\/wp-content\/uploads\/2022\/04\/world-gate-logo-01-scaled.jpg\",\"contentUrl\":\"https:\/\/worldgateegypt.com\/wp-content\/uploads\/2022\/04\/world-gate-logo-01-scaled.jpg\",\"width\":2560,\"height\":2560,\"caption\":\"World Gate Tours\"},\"image\":{\"@id\":\"https:\/\/worldgateegypt.com\/#\/schema\/logo\/image\/\"}}]}<\/script>\n<!-- \/ Yoast SEO plugin. -->","yoast_head_json":{"title":"Contact - World Gate Tours","robots":{"index":"index","follow":"follow","max-snippet":"max-snippet:-1","max-image-preview":"max-image-preview:large","max-video-preview":"max-video-preview:-1"},"canonical":"https:\/\/worldgateegypt.com\/fr\/contact\/","og_locale":"fr_FR","og_type":"article","og_title":"Contact - World Gate Tours","og_description":"Contactez-nous Appelez-nous (+2)01112592025 (+2)01208076077 WhatsApp (+2)01208076077 Envoyer un e-mail info@worldgateegypt.com Reservation@worldgateegypt.com Si\u00e8ge social 9 El Obour Building, 1 Salah Salem Road, Heliopolis, Cairo, Egypt Nous contacter Laissez-nous vous aider \u00e0 planifier votre prochain voyage inoubliable. N&rsquo;h\u00e9sitez pas \u00e0 nous contacter pour toute question, demande de r\u00e9servation ou besoin de voyage personnalis\u00e9 \u2014 nous sommes l\u00e0 [&hellip;]","og_url":"https:\/\/worldgateegypt.com\/fr\/contact\/","og_site_name":"World Gate Tours","article_modified_time":"2025-08-11T14:41:44+00:00","twitter_card":"summary_large_image","schema":{"@context":"https:\/\/schema.org","@graph":[{"@type":"WebPage","@id":"https:\/\/worldgateegypt.com\/fr\/contact\/","url":"https:\/\/worldgateegypt.com\/fr\/contact\/","name":"Contact - World Gate Tours","isPartOf":{"@id":"https:\/\/worldgateegypt.com\/#website"},"datePublished":"2022-04-14T01:27:33+00:00","dateModified":"2025-08-11T14:41:44+00:00","breadcrumb":{"@id":"https:\/\/worldgateegypt.com\/fr\/contact\/#breadcrumb"},"inLanguage":"fr-FR","potentialAction":[{"@type":"ReadAction","target":["https:\/\/worldgateegypt.com\/fr\/contact\/"]}]},{"@type":"BreadcrumbList","@id":"https:\/\/worldgateegypt.com\/fr\/contact\/#breadcrumb","itemListElement":[{"@type":"ListItem","position":1,"name":"Home","item":"https:\/\/worldgateegypt.com\/fr\/"},{"@type":"ListItem","position":2,"name":"Contact"}]},{"@type":"WebSite","@id":"https:\/\/worldgateegypt.com\/#website","url":"https:\/\/worldgateegypt.com\/","name":"World Gate Tours","description":"","publisher":{"@id":"https:\/\/worldgateegypt.com\/#organization"},"potentialAction":[{"@type":"SearchAction","target":{"@type":"EntryPoint","urlTemplate":"https:\/\/worldgateegypt.com\/?s={search_term_string}"},"query-input":{"@type":"PropertyValueSpecification","valueRequired":true,"valueName":"search_term_string"}}],"inLanguage":"fr-FR"},{"@type":"Organization","@id":"https:\/\/worldgateegypt.com\/#organization","name":"World Gate Tours","url":"https:\/\/worldgateegypt.com\/","logo":{"@type":"ImageObject","inLanguage":"fr-FR","@id":"https:\/\/worldgateegypt.com\/#\/schema\/logo\/image\/","url":"https:\/\/worldgateegypt.com\/wp-content\/uploads\/2022\/04\/world-gate-logo-01-scaled.jpg","contentUrl":"https:\/\/worldgateegypt.com\/wp-content\/uploads\/2022\/04\/world-gate-logo-01-scaled.jpg","width":2560,"height":2560,"caption":"World Gate Tours"},"image":{"@id":"https:\/\/worldgateegypt.com\/#\/schema\/logo\/image\/"}}]}},"_links":{"self":[{"href":"https:\/\/worldgateegypt.com\/fr\/wp-json\/wp\/v2\/pages\/20036","targetHints":{"allow":["GET"]}}],"collection":[{"href":"https:\/\/worldgateegypt.com\/fr\/wp-json\/wp\/v2\/pages"}],"about":[{"href":"https:\/\/worldgateegypt.com\/fr\/wp-json\/wp\/v2\/types\/page"}],"author":[{"embeddable":true,"href":"https:\/\/worldgateegypt.com\/fr\/wp-json\/wp\/v2\/users\/1"}],"replies":[{"embeddable":true,"href":"https:\/\/worldgateegypt.com\/fr\/wp-json\/wp\/v2\/comments?post=20036"}],"version-history":[{"count":8,"href":"https:\/\/worldgateegypt.com\/fr\/wp-json\/wp\/v2\/pages\/20036\/revisions"}],"predecessor-version":[{"id":20069,"href":"https:\/\/worldgateegypt.com\/fr\/wp-json\/wp\/v2\/pages\/20036\/revisions\/20069"}],"wp:attachment":[{"href":"https:\/\/worldgateegypt.com\/fr\/wp-json\/wp\/v2\/media?parent=20036"}],"curies":[{"name":"wp","href":"https:\/\/api.w.org\/{rel}","templated":true}]}}